{"id":13005,"date":"2020-06-22T14:52:47","date_gmt":"2020-06-22T12:52:47","guid":{"rendered":"https:\/\/systemat.com\/?page_id=13005"},"modified":"2025-02-26T15:14:52","modified_gmt":"2025-02-26T14:14:52","slug":"flexiprint-managed-print-solution","status":"publish","type":"page","link":"https:\/\/www.systemat.com\/nl\/solutions\/printing-document-management\/flexiprint-managed-print-solution\/","title":{"rendered":"FlexiPrint &#8211; Managed Print Solution"},"content":{"rendered":"<div class=\"wpb-content-wrapper\"><p>[vc_row full_width=&#8221;stretch_row&#8221; el_id=&#8221;quick-qoute&#8221; el_class=&#8221;bg-fixed quick-qoute-service&#8221; css=&#8221;.vc_custom_1592556770794{padding-top: 60px !important;padding-bottom: 20px !important;background-color: #f9f9f9 !important;background-position: center !important;background-repeat: no-repeat !important;background-size: cover !important;}&#8221;][vc_column]\r\n        <div class=\"rs-heading    center\">\r\n        \t<div class=\"title-inner\">\r\n\t            \r\n\t            <h2 style=\"color: #0063AC\">Waarom een MPS-oplossing kiezen ?<\/h2>\r\n\t        <\/div><div class=\"description\"><p  style=\"color: #ffffff\"><\/p>\n<p style=\"text-align: center;\">Wil u uw printerpark volledig beheren, uw kosten optimaliseren, de prestaties van uw bedrijf opkrikken en de productiviteit van uw personeel en printtechnologie\u00ebn verbeteren? FlexiPrint speelt volledig in op de specifieke behoeften van uw bedrijf.<\/p>\n<p><\/p><\/div><\/div>[vc_row_inner][vc_column_inner width=&#8221;1\/4&#8243;][vc_icon icon_fontawesome=&#8221;fas fa-lock&#8221; color=&#8221;custom&#8221; size=&#8221;xl&#8221; align=&#8221;center&#8221; css=&#8221;&#8221; custom_color=&#8221;#0063AC&#8221;][vc_column_text]<\/p>\n<h5 style=\"text-align: center;\"><strong>EEN BEVEILIGD PRINTERPARK<br \/>\n<\/strong><\/h5>\n<p style=\"text-align: center;\">Printers beveiligen is in veel bedrijven bijzaak. Uw printerpark beveiligen is dus essentieel om diefstal of verlies van gegevens te vermijden.<\/p>\n<p>[\/vc_column_text][\/vc_column_inner][vc_column_inner width=&#8221;1\/4&#8243;][vc_icon icon_fontawesome=&#8221;fas fa-euro-sign&#8221; color=&#8221;custom&#8221; size=&#8221;xl&#8221; align=&#8221;center&#8221; css=&#8221;&#8221; custom_color=&#8221;#0063AC&#8221;][vc_column_text]<\/p>\n<h5 style=\"text-align: center;\"><strong>KOSTEN ONDER CONTROLE<br \/>\n<\/strong><\/h5>\n<p style=\"text-align: center;\">De kosten terugschroeven en anticiperen op het printbudget en dit optimaliseren, zijn prioriteiten voor bedrijven.<\/p>\n<p>[\/vc_column_text][\/vc_column_inner][vc_column_inner width=&#8221;1\/4&#8243;][vc_icon icon_fontawesome=&#8221;fas fa-leaf&#8221; color=&#8221;custom&#8221; size=&#8221;xl&#8221; align=&#8221;center&#8221; css=&#8221;&#8221; custom_color=&#8221;#0063AC&#8221;][vc_column_text]<\/p>\n<h5 style=\"text-align: center;\"><strong>EEN ECOLOGISCHE AANPAK<br \/>\n<\/strong><\/h5>\n<p style=\"text-align: center;\">Bedrijven nemen steeds vaker criteria wat betreft maatschappelijk en ecologisch verantwoord ondernemen in hun printbeleid op.<\/p>\n<p>[\/vc_column_text][\/vc_column_inner][vc_column_inner width=&#8221;1\/4&#8243;][vc_icon icon_fontawesome=&#8221;fas fa-print&#8221; color=&#8221;custom&#8221; size=&#8221;xl&#8221; align=&#8221;center&#8221; css=&#8221;&#8221; custom_color=&#8221;#0063AC&#8221;][vc_column_text]<\/p>\n<h5 style=\"text-align: center;\"><strong>BETER PRINTEN<br \/>\n<\/strong><\/h5>\n<p style=\"text-align: center;\">Vergroot de productiviteit door de mogelijkheid te bieden op elk moment te printen, het documentbeheer te verbeteren en het zoeken naar informatie binnen het bedrijf te optimaliseren.<\/p>\n<p>[\/vc_column_text][\/vc_column_inner][\/vc_row_inner][\/vc_column][\/vc_row][vc_row full_width=&#8221;stretch_row&#8221; el_class=&#8221;bg-fixed quick-qoute-service&#8221; css=&#8221;.vc_custom_1622726873695{padding-top: 60px !important;padding-bottom: 20px !important;background-color: #ffffff !important;background-position: center !important;background-repeat: no-repeat !important;background-size: cover !important;}&#8221;][vc_column]\r\n        <div class=\"rs-heading    center\">\r\n        \t<div class=\"title-inner\">\r\n\t            \r\n\t            <h2 style=\"color: #0063AC\">Ontdek onze monitoring service in video<\/h2>\r\n\t        <\/div><\/div>[vc_row_inner][vc_column_inner][vc_column_text css=&#8221;&#8221;]<\/p>\n<p style=\"text-align: center;\"><iframe loading=\"lazy\" title=\"YouTube video player\" src=\"https:\/\/www.youtube.com\/embed\/QfbPMW0K4CI?si=sD3NINWkGLN-O13Z\" width=\"560\" height=\"315\" frameborder=\"0\" allowfullscreen=\"allowfullscreen\"><\/iframe><\/p>\n<p>[\/vc_column_text][\/vc_column_inner][\/vc_row_inner][\/vc_column][\/vc_row][vc_row full_width=&#8221;stretch_row&#8221; title=&#8221;Ontdek onze oplossing&#8221; style=&#8221;modern&#8221; gradient_color_1=&#8221;turquoise&#8221; gradient_color_2=&#8221;vista-blue&#8221; gradient_custom_color_1=&#8221;#dd3333&#8243; gradient_custom_color_2=&#8221;#eeee22&#8243; gradient_text_color=&#8221;#ffffff&#8221; custom_background=&#8221;#ededed&#8221; custom_text=&#8221;#666666&#8243; outline_custom_color=&#8221;#666666&#8243; outline_custom_hover_background=&#8221;#666666&#8243; outline_custom_hover_text=&#8221;#ffffff&#8221; shape=&#8221;rounded&#8221; color=&#8221;danger&#8221; size=&#8221;md&#8221; align=&#8221;left&#8221; button_block=&#8221;&#8221; add_icon=&#8221;true&#8221; i_align=&#8221;left&#8221; i_type=&#8221;fontawesome&#8221; i_icon_fontawesome=&#8221;fa fa-link&#8221; i_icon_openiconic=&#8221;vc-oi vc-oi-dial&#8221; i_icon_typicons=&#8221;typcn typcn-adjust-brightness&#8221; i_icon_entypo=&#8221;entypo-icon entypo-icon-note&#8221; i_icon_linecons=&#8221;vc_li vc_li-heart&#8221; i_icon_monosocial=&#8221;vc-mono vc-mono-fivehundredpx&#8221; i_icon_material=&#8221;vc-material vc-material-cake&#8221; i_icon_pixelicons=&#8221;vc_pixel_icon vc_pixel_icon-alert&#8221; custom_onclick=&#8221;&#8221; link=&#8221;url:https%3A%2F%2Fsystemat.com%2Fnl%2Fsolutions%2Fprinting-document-management%2F|||&#8221; css=&#8221;.vc_custom_1740579146813{background-color: #0063AC !important;background-position: center !important;background-repeat: no-repeat !important;background-size: cover !important;}&#8221; custom_onclick_code=&#8221;&#8221;][vc_column width=&#8221;1\/2&#8243;][vc_btn title=&#8221;Download de brochure&#8221; color=&#8221;default&#8221; size=&#8221;lg&#8221; align=&#8221;left&#8221; i_icon_fontawesome=&#8221;far fa-hand-point-up&#8221; css=&#8221;.vc_custom_1622726746435{background-position: center !important;background-repeat: no-repeat !important;background-size: cover !important;}&#8221; add_icon=&#8221;true&#8221; link=&#8221;url:https%3A%2F%2Fsystemat.com%2Fwp-content%2Fuploads%2F2019%2F05%2FFlexiPrint-datasheet-4p-nl-nocrop.pdf|title:Productblad%20FlexiPrint|target:_blank&#8221;][\/vc_column][vc_column width=&#8221;1\/2&#8243;][vc_btn title=&#8221;Ontdek de whitepaper&#8221; color=&#8221;default&#8221; size=&#8221;lg&#8221; align=&#8221;right&#8221; i_icon_fontawesome=&#8221;fas fa-glasses&#8221; add_icon=&#8221;true&#8221; link=&#8221;url:https%3A%2F%2Fsystemat.com%2Fnl%2Fsolutions%2Fwhitepaper-waarom-kiezen-voor-managed-printing%2F|title:FlexiPrint%20whitepaper&#8221;][\/vc_column][\/vc_row][vc_row full_width=&#8221;stretch_row&#8221; css=&#8221;.vc_custom_1592556665799{padding-top: 45px !important;padding-bottom: 45px !important;background-color: #ffffff !important;}&#8221;][vc_column]\r\n        <div class=\"rs-heading    center\">\r\n        \t<div class=\"title-inner\">\r\n\t            \r\n\t            <h2 style=\"color: #0063AC\">4 pijlers van FlexiPrint<\/h2>\r\n\t        <\/div><\/div>[vc_row_inner equal_height=&#8221;yes&#8221;][vc_column_inner width=&#8221;1\/3&#8243; css=&#8221;.vc_custom_1583825946018{border-right-width: 1px !important;border-right-style: none !important;}&#8221;][vc_column_text css=&#8221;&#8221;]FlexiPrint optimaliseert uw <strong>printerpark <\/strong>dankzij een aanpak op maat die zich niet beperkt tot \u00e9\u00e9n merk. Wij voorzien technologie\u00ebn die inspelen op uw activiteit en nemen indien nodig ook uw bestaande infrastructuur voor onze rekening.[\/vc_column_text][vc_column_text css=&#8221;&#8221;]De FlexiPrint oplossing is een geheel van <strong>diensten \u00ab\u00e0 la carte\u00bb<\/strong>. U kunt bij ons terecht voor een audit van uw printerpark, voor levering en installatie en voor de opleiding van uw gebruikers. Een team van erkende technici voert ook herstellingen ter plaatse uit.[\/vc_column_text][\/vc_column_inner][vc_column_inner width=&#8221;1\/3&#8243; css=&#8221;.vc_custom_1583825954958{border-right-width: 1px !important;border-right-style: none !important;}&#8221;][vc_single_image image=&#8221;21487&#8243; img_size=&#8221;full&#8221; alignment=&#8221;center&#8221; css=&#8221;&#8221;][\/vc_column_inner][vc_column_inner width=&#8221;1\/3&#8243; css=&#8221;.vc_custom_1583825964510{border-right-width: 1px !important;border-right-style: none !important;}&#8221;][vc_column_text css=&#8221;&#8221;]FlexiPrint staat elke dag garant voor een maximale beschikbaarheid van uw printerpark. Uw printapparatuur wordt in real time gemonitord door een <strong>team van specialisten<\/strong> en uw verbruiksartikelen worden telkens automatisch aangevuld.[\/vc_column_text][vc_column_text css=&#8221;&#8221;]FlexiPrint geeft uw productiviteit een boost met <strong>zakelijke software<\/strong> \u00abop maat\u00bb, zoals mobiel printen, scannen en documentbeheer, de beveiliging van uw printerpark\u2026[\/vc_column_text][\/vc_column_inner][\/vc_row_inner][\/vc_column][\/vc_row][vc_row full_width=&#8221;stretch_row&#8221; css=&#8221;.vc_custom_1583770400161{padding-top: 45px !important;padding-bottom: 45px !important;background-color: #f9f9f9 !important;}&#8221;][vc_column]\r\n        <div class=\"rs-heading    center\">\r\n        \t<div class=\"title-inner\">\r\n\t            \r\n\t            <h2 style=\"color: #0063AC\">Voordelen van FlexiPrint<\/h2>\r\n\t        <\/div><\/div>[vc_row_inner equal_height=&#8221;yes&#8221;][vc_column_inner width=&#8221;1\/2&#8243; css=&#8221;.vc_custom_1583825977099{border-right-width: 1px !important;border-right-style: none !important;}&#8221;][vc_toggle title=&#8221;Vereenvoudigde printomgeving&#8221; open=&#8221;true&#8221;]Met FlexiPrint hebt u geen algemene kosten meer en wordt voor alles gezorgd via de automatische levering van uw verbruiksartikelen. Pay-as-you-print, u betaalt een vaste prijs per pagina. Het resultaat is \u00e9\u00e9n enkele periodieke factuur voor het beheer van uw hele printerpark.[\/vc_toggle][vc_toggle title=&#8221;Maximale flexibiliteit&#8221;]FlexiPrint past zich volledig aan de evolutie van uw bedrijf aan: uw ge\u00efntegreerde infrastructuur kan altijd worden uitgebreid met nieuwe technologie\u00ebn. Bovendien moet u geen minimum aantal pagina\u2019s printen en u betaalt alleen wat u verbruikt[\/vc_toggle][vc_toggle title=&#8221;Maximale veiligheid van uw gegevens&#8221;]Alles wat u print, scant of kopieert, is beschermd. Uw gegevens blijven dus vertrouwelijk.[\/vc_toggle][\/vc_column_inner][vc_column_inner width=&#8221;1\/2&#8243; css=&#8221;.vc_custom_1583825970849{border-right-width: 1px !important;border-right-style: none !important;}&#8221;][vc_toggle title=&#8221;Geoptimaliseerd kostenbeheer&#8221; open=&#8221;true&#8221;]Gedaan met die verborgen printkosten die niemand onder controle heeft. De FlexiPrint all-in oplossing omvat alle kosten van uw printsysteem. Zo worden de kosten teruggeschroefd en blijven ze onder controle.[\/vc_toggle][vc_toggle title=&#8221;Betere productiviteit en effici\u00ebntie&#8221;]Focus op uw corebusiness, FlexiPrint doet de rest. Dankzij onze proactieve controledienst schiet een toegewijd team al in actie voor uw verbruiksartikelen op zijn of zich een storing voordoet.[\/vc_toggle][vc_toggle title=&#8221;Kleinere ecologische voetafdruk&#8221;]Wij zijn ISO 14001-gecertificeerd en helpen u om de ecologische impact van uw printomgeving drastisch te verkleinen. Uw organisatie krijgt een recyclagetraject en een printbeleid.[\/vc_toggle][\/vc_column_inner][\/vc_row_inner][\/vc_column][\/vc_row][vc_row full_width=&#8221;stretch_row&#8221; disable_element=&#8221;yes&#8221; css=&#8221;.vc_custom_1605275708374{border-top-width: 50px !important;border-bottom-width: 50px !important;background-image: url(https:\/\/systemat.com\/wp-content\/uploads\/2020\/06\/20180915_HP_PRINTER_01B_A_CLEARWATER_0138.jpg?id=13039) !important;}&#8221;][vc_column width=&#8221;1\/4&#8243;][vc_btn title=&#8221;Ontdek FlexiPrint&#8221; color=&#8221;purple&#8221; size=&#8221;lg&#8221; align=&#8221;center&#8221; link=&#8221;url:https%3A%2F%2Fsystemat.com%2Fwp-content%2Fuploads%2F2019%2F05%2FFlexiPrint-datasheet-4p-nl-nocrop.pdf|title:Productblad%20FlexiPrint%20-%20NL|target:%20_blank|&#8221;][\/vc_column][vc_column width=&#8221;3\/4&#8243;][vc_column_text]<\/p>\n<h3>Verhoog de productiviteit van je medewerkers in home office of op kantoor! Onze MPS oplossing past zich aan in deze hybride werksituatie.<\/h3>\n<p>[\/vc_column_text][\/vc_column][\/vc_row][vc_row full_width=&#8221;stretch_row&#8221; disable_element=&#8221;yes&#8221; css=&#8221;.vc_custom_1622726803785{border-top-width: 50px !important;border-bottom-width: 50px !important;background-image: url(https:\/\/systemat.com\/wp-content\/uploads\/2020\/06\/20180915_HP_PRINTER_01B_A_CLEARWATER_0138.jpg?id=13039) !important;}&#8221;][vc_column width=&#8221;1\/4&#8243;][vc_btn title=&#8221;Ontdek FlexiPrint&#8221; color=&#8221;purple&#8221; size=&#8221;lg&#8221; align=&#8221;center&#8221; link=&#8221;url:https%3A%2F%2Fsystemat.com%2Fwp-content%2Fuploads%2F2019%2F05%2FFlexiPrint-datasheet-4p-nl-nocrop.pdf|title:Productblad%20FlexiPrint%20-%20NL|target:%20_blank|&#8221;][\/vc_column][vc_column width=&#8221;3\/4&#8243;][vc_column_text]<\/p>\n<h3>Doe met uw printerpark hetzelfde als met uw nieuwe werkplek: kies voor pay-as-you-print en optimaliseer uw kosten.<\/h3>\n<p>[\/vc_column_text][\/vc_column][\/vc_row][vc_row][vc_column width=&#8221;1\/2&#8243;][vc_single_image image=&#8221;13018&#8243; img_size=&#8221;full&#8221; alignment=&#8221;center&#8221;][\/vc_column][vc_column width=&#8221;1\/2&#8243;][vc_column_text css=&#8221;&#8221;]<\/p>\n<h3><span style=\"color: #0063ac;\">\u00abJust in time\u00bb aanvulling van uw cartridges<\/span><\/h3>\n<p>Verlies geen tijd meer! Onze proactieve monitoringdienst vult uw cartridges automatisch aan en verwittigt ons toegewijd team van specialisten zodat zij storingen kunnen voorkomen. Wij houden uw hele printerpark in de gaten zodat u gefocust kunt blijven op uw corebusiness en u effici\u00ebnter kunt werken.[\/vc_column_text][\/vc_column][\/vc_row][vc_row full_width=&#8221;stretch_row&#8221; css=&#8221;.vc_custom_1573122679552{background-color: #f2f2f2 !important;}&#8221;][vc_column width=&#8221;2\/3&#8243;][vc_column_text]<\/p>\n<h3>Bent u in een moderne printoplossing ge\u00efnteresseerd?<\/h3>\n<p>Vraag vrijblijvend een gepersonaliseerde offerte aan of vraag een bezoek van een Account Manager bij u om samen uw behoeften te bespreken.[\/vc_column_text][\/vc_column][vc_column width=&#8221;1\/3&#8243;][vc_btn title=&#8221;Contacteer ons!&#8221; color=&#8221;primary&#8221; size=&#8221;lg&#8221; align=&#8221;center&#8221; i_icon_fontawesome=&#8221;fa fa-envelope-open&#8221; add_icon=&#8221;true&#8221; link=&#8221;url:https%3A%2F%2Fsystemat.com%2Fnl%2Fsolutions%2Fprinting-document-management%2Fcontact-printoplossingen%2F|title:Contact%20%7C%20Printoplossingen|&#8221;][\/vc_column][\/vc_row]<\/p>\n<\/div>","protected":false},"excerpt":{"rendered":"<p>[vc_row full_width=&#8221;stretch_row&#8221; el_id=&#8221;quick-qoute&#8221; el_class=&#8221;bg-fixed quick-qoute-service&#8221; css=&#8221;.vc_custom_1592556770794{padding-top: 60px !important;padding-bottom: 20px !important;background-color: #f9f9f9 !important;background-position: center !important;background-repeat: no-repeat !important;background-size: cover !important;}&#8221;][vc_column][vc_row_inner][vc_column_inner width=&#8221;1\/4&#8243;][vc_icon icon_fontawesome=&#8221;fas fa-lock&#8221; color=&#8221;custom&#8221;&#8230;<\/p>\n","protected":false},"author":1,"featured_media":0,"parent":10783,"menu_order":0,"comment_status":"closed","ping_status":"closed","template":"","meta":{"rs_blank_template":"","rs_page_bg_color":"","slide_template_v7":"","footnotes":""},"class_list":["post-13005","page","type-page","status-publish","hentry"],"yoast_head":"<!-- This site is optimized with the Yoast SEO plugin v27.3 - https:\/\/yoast.com\/product\/yoast-seo-wordpress\/ -->\n<title>FlexiPrint - Managed Print Solution - Systemat<\/title>\n<meta name=\"robots\" content=\"index, follow, max-snippet:-1, max-image-preview:large, max-video-preview:-1\" \/>\n<link rel=\"canonical\" href=\"https:\/\/www.systemat.com\/solutions\/printing-document-management\/flexiprint-managed-print-solution\/\" \/>\n<meta name=\"twitter:label1\" content=\"Est. reading time\" \/>\n\t<meta name=\"twitter:data1\" content=\"4 minutes\" \/>\n<script type=\"application\/ld+json\" class=\"yoast-schema-graph\">{\"@context\":\"https:\\\/\\\/schema.org\",\"@graph\":[{\"@type\":\"WebPage\",\"@id\":\"https:\\\/\\\/www.systemat.com\\\/solutions\\\/printing-document-management\\\/flexiprint-managed-print-solution\\\/\",\"url\":\"https:\\\/\\\/www.systemat.com\\\/solutions\\\/printing-document-management\\\/flexiprint-managed-print-solution\\\/\",\"name\":\"FlexiPrint - Managed Print Solution - Systemat\",\"isPartOf\":{\"@id\":\"https:\\\/\\\/www.systemat.com\\\/#website\"},\"datePublished\":\"2020-06-22T12:52:47+00:00\",\"dateModified\":\"2025-02-26T14:14:52+00:00\",\"breadcrumb\":{\"@id\":\"https:\\\/\\\/www.systemat.com\\\/solutions\\\/printing-document-management\\\/flexiprint-managed-print-solution\\\/#breadcrumb\"},\"inLanguage\":\"nl-NL\",\"potentialAction\":[{\"@type\":\"ReadAction\",\"target\":[\"https:\\\/\\\/www.systemat.com\\\/solutions\\\/printing-document-management\\\/flexiprint-managed-print-solution\\\/\"]}]},{\"@type\":\"BreadcrumbList\",\"@id\":\"https:\\\/\\\/www.systemat.com\\\/solutions\\\/printing-document-management\\\/flexiprint-managed-print-solution\\\/#breadcrumb\",\"itemListElement\":[{\"@type\":\"ListItem\",\"position\":1,\"name\":\"Accueil\",\"item\":\"https:\\\/\\\/www.systemat.com\\\/nl\\\/\"},{\"@type\":\"ListItem\",\"position\":2,\"name\":\"Solutions\",\"item\":\"https:\\\/\\\/www.systemat.com\\\/solutions\\\/\"},{\"@type\":\"ListItem\",\"position\":3,\"name\":\"Printing &#038; Document management\",\"item\":\"https:\\\/\\\/www.systemat.com\\\/nl\\\/solutions\\\/printing-document-management\\\/\"},{\"@type\":\"ListItem\",\"position\":4,\"name\":\"FlexiPrint &#8211; Managed Print Solution\"}]},{\"@type\":\"WebSite\",\"@id\":\"https:\\\/\\\/www.systemat.com\\\/#website\",\"url\":\"https:\\\/\\\/www.systemat.com\\\/\",\"name\":\"Systemat\",\"description\":\"enabling your digital transformation\",\"publisher\":{\"@id\":\"https:\\\/\\\/www.systemat.com\\\/#organization\"},\"potentialAction\":[{\"@type\":\"SearchAction\",\"target\":{\"@type\":\"EntryPoint\",\"urlTemplate\":\"https:\\\/\\\/www.systemat.com\\\/?s={search_term_string}\"},\"query-input\":{\"@type\":\"PropertyValueSpecification\",\"valueRequired\":true,\"valueName\":\"search_term_string\"}}],\"inLanguage\":\"nl-NL\"},{\"@type\":\"Organization\",\"@id\":\"https:\\\/\\\/www.systemat.com\\\/#organization\",\"name\":\"Systemat\",\"url\":\"https:\\\/\\\/www.systemat.com\\\/\",\"logo\":{\"@type\":\"ImageObject\",\"inLanguage\":\"nl-NL\",\"@id\":\"https:\\\/\\\/www.systemat.com\\\/#\\\/schema\\\/logo\\\/image\\\/\",\"url\":\"https:\\\/\\\/www.systemat.com\\\/wp-content\\\/uploads\\\/2025\\\/01\\\/cropped-anneau-moebius-512x512-1.png\",\"contentUrl\":\"https:\\\/\\\/www.systemat.com\\\/wp-content\\\/uploads\\\/2025\\\/01\\\/cropped-anneau-moebius-512x512-1.png\",\"width\":512,\"height\":512,\"caption\":\"Systemat\"},\"image\":{\"@id\":\"https:\\\/\\\/www.systemat.com\\\/#\\\/schema\\\/logo\\\/image\\\/\"}}]}<\/script>\n<!-- \/ Yoast SEO plugin. -->","yoast_head_json":{"title":"FlexiPrint - Managed Print Solution - Systemat","robots":{"index":"index","follow":"follow","max-snippet":"max-snippet:-1","max-image-preview":"max-image-preview:large","max-video-preview":"max-video-preview:-1"},"canonical":"https:\/\/www.systemat.com\/solutions\/printing-document-management\/flexiprint-managed-print-solution\/","twitter_misc":{"Est. reading time":"4 minutes"},"schema":{"@context":"https:\/\/schema.org","@graph":[{"@type":"WebPage","@id":"https:\/\/www.systemat.com\/solutions\/printing-document-management\/flexiprint-managed-print-solution\/","url":"https:\/\/www.systemat.com\/solutions\/printing-document-management\/flexiprint-managed-print-solution\/","name":"FlexiPrint - Managed Print Solution - Systemat","isPartOf":{"@id":"https:\/\/www.systemat.com\/#website"},"datePublished":"2020-06-22T12:52:47+00:00","dateModified":"2025-02-26T14:14:52+00:00","breadcrumb":{"@id":"https:\/\/www.systemat.com\/solutions\/printing-document-management\/flexiprint-managed-print-solution\/#breadcrumb"},"inLanguage":"nl-NL","potentialAction":[{"@type":"ReadAction","target":["https:\/\/www.systemat.com\/solutions\/printing-document-management\/flexiprint-managed-print-solution\/"]}]},{"@type":"BreadcrumbList","@id":"https:\/\/www.systemat.com\/solutions\/printing-document-management\/flexiprint-managed-print-solution\/#breadcrumb","itemListElement":[{"@type":"ListItem","position":1,"name":"Accueil","item":"https:\/\/www.systemat.com\/nl\/"},{"@type":"ListItem","position":2,"name":"Solutions","item":"https:\/\/www.systemat.com\/solutions\/"},{"@type":"ListItem","position":3,"name":"Printing &#038; Document management","item":"https:\/\/www.systemat.com\/nl\/solutions\/printing-document-management\/"},{"@type":"ListItem","position":4,"name":"FlexiPrint &#8211; Managed Print Solution"}]},{"@type":"WebSite","@id":"https:\/\/www.systemat.com\/#website","url":"https:\/\/www.systemat.com\/","name":"Systemat","description":"enabling your digital transformation","publisher":{"@id":"https:\/\/www.systemat.com\/#organization"},"potentialAction":[{"@type":"SearchAction","target":{"@type":"EntryPoint","urlTemplate":"https:\/\/www.systemat.com\/?s={search_term_string}"},"query-input":{"@type":"PropertyValueSpecification","valueRequired":true,"valueName":"search_term_string"}}],"inLanguage":"nl-NL"},{"@type":"Organization","@id":"https:\/\/www.systemat.com\/#organization","name":"Systemat","url":"https:\/\/www.systemat.com\/","logo":{"@type":"ImageObject","inLanguage":"nl-NL","@id":"https:\/\/www.systemat.com\/#\/schema\/logo\/image\/","url":"https:\/\/www.systemat.com\/wp-content\/uploads\/2025\/01\/cropped-anneau-moebius-512x512-1.png","contentUrl":"https:\/\/www.systemat.com\/wp-content\/uploads\/2025\/01\/cropped-anneau-moebius-512x512-1.png","width":512,"height":512,"caption":"Systemat"},"image":{"@id":"https:\/\/www.systemat.com\/#\/schema\/logo\/image\/"}}]}},"_links":{"self":[{"href":"https:\/\/www.systemat.com\/nl\/wp-json\/wp\/v2\/pages\/13005","targetHints":{"allow":["GET"]}}],"collection":[{"href":"https:\/\/www.systemat.com\/nl\/wp-json\/wp\/v2\/pages"}],"about":[{"href":"https:\/\/www.systemat.com\/nl\/wp-json\/wp\/v2\/types\/page"}],"author":[{"embeddable":true,"href":"https:\/\/www.systemat.com\/nl\/wp-json\/wp\/v2\/users\/1"}],"replies":[{"embeddable":true,"href":"https:\/\/www.systemat.com\/nl\/wp-json\/wp\/v2\/comments?post=13005"}],"version-history":[{"count":4,"href":"https:\/\/www.systemat.com\/nl\/wp-json\/wp\/v2\/pages\/13005\/revisions"}],"predecessor-version":[{"id":21490,"href":"https:\/\/www.systemat.com\/nl\/wp-json\/wp\/v2\/pages\/13005\/revisions\/21490"}],"up":[{"embeddable":true,"href":"https:\/\/www.systemat.com\/nl\/wp-json\/wp\/v2\/pages\/10783"}],"wp:attachment":[{"href":"https:\/\/www.systemat.com\/nl\/wp-json\/wp\/v2\/media?parent=13005"}],"curies":[{"name":"wp","href":"https:\/\/api.w.org\/{rel}","templated":true}]}}